{"id":16,"date":"2024-10-21T20:20:36","date_gmt":"2024-10-21T20:20:36","guid":{"rendered":"https:\/\/tatjanashaarstud-p8r54vxqoj.live-website.com\/start\/"},"modified":"2025-12-04T15:32:05","modified_gmt":"2025-12-04T15:32:05","slug":"start","status":"publish","type":"page","link":"https:\/\/tatjanas-haarstudio.de\/","title":{"rendered":"Start"},"content":{"rendered":"\n<div class=\"wp-block-group alignfull has-background-background-color has-background has-global-padding is-layout-constrained wp-container-core-group-is-layout-38cedfe0 wp-block-group-is-layout-constrained\" style=\"margin-top:0;margin-bottom:0;padding-top:var(--wp--preset--spacing--40);padding-right:var(--wp--preset--spacing--30);padding-bottom:var(--wp--preset--spacing--60);padding-left:var(--wp--preset--spacing--30)\">\n<div class=\"wp-block-columns alignwide is-layout-flex wp-container-core-columns-is-layout-28f84493 wp-block-columns-is-layout-flex\">\n<div class=\"wp-block-column is-layout-flow wp-block-column-is-layout-flow\" style=\"flex-basis:66.66%\">\n<div class=\"wp-block-group alignwide has-global-padding is-content-justification-left is-layout-constrained wp-container-core-group-is-layout-17af7ffb wp-block-group-is-layout-constrained\">\n<h1 class=\"wp-block-heading has-text-align-left\" style=\"margin-top:12px\">Herzlich willkommen! <br>Mit meiner Erfahrung kreiere ich f\u00fcr dich einzigartige Haarschnitte.<\/h1>\n\n\n\n<p style=\"margin-top:16px\">Genie\u00dfe ein individuelles und auf deine W\u00fcnsche zugeschnittenes Styling basierend auf \u00fcber 20 Jahren Erfahrung.<\/p>\n\n\n\n<div class=\"wp-block-buttons is-layout-flex wp-container-core-buttons-is-layout-12dcd427 wp-block-buttons-is-layout-flex\" style=\"margin-top:var(--wp--preset--spacing--40)\">\n<div class=\"wp-block-button\"><a class=\"wp-block-button__link wp-element-button\" href=\"\/?page_id=12\">Termin vereinbaren<\/a><\/div>\n\n\n\n<div class=\"wp-block-button is-style-outline is-style-outline--1\"><a class=\"wp-block-button__link wp-element-button\" href=\"\/?page_id=11\">\u00dcber mich<\/a><\/div>\n<\/div>\n<\/div>\n<\/div>\n\n\n\n<div class=\"wp-block-column is-layout-flow wp-block-column-is-layout-flow\" style=\"flex-basis:1px\">\n<div style=\"height:10px\" aria-hidden=\"true\" class=\"wp-block-spacer\"><\/div>\n<\/div>\n\n\n\n<div class=\"wp-block-column is-vertically-aligned-top has-global-padding is-content-justification-center is-layout-constrained wp-container-core-column-is-layout-3114736e wp-block-column-is-layout-constrained\">\n<div class=\"wp-block-group border-video is-layout-flow wp-block-group-is-layout-flow\" style=\"border-radius:20px;padding-top:0;padding-bottom:0\">\n<figure class=\"wp-block-video\"><video height=\"848\" style=\"aspect-ratio: 480 \/ 848;\" width=\"480\" autoplay controls loop muted src=\"https:\/\/tatjanas-haarstudio.de\/wp-content\/uploads\/2025\/01\/WhatsApp-Video-2025-01-24-at-19.01.14.mp4\" playsinline><\/video><\/figure>\n<\/div>\n<\/div>\n<\/div>\n\n\n\n<div style=\"height:10px\" aria-hidden=\"true\" class=\"wp-block-spacer\"><\/div>\n\n\n\n<figure class=\"wp-block-image alignwide size-full has-custom-border is-style-rounded\"><img loading=\"lazy\" decoding=\"async\" width=\"1600\" height=\"1200\" src=\"https:\/\/tatjanas-haarstudio.de\/wp-content\/uploads\/2025\/01\/WhatsApp-Image-2025-01-09-at-12.48.54-2.jpeg\" alt=\"\" class=\"wp-image-207\" style=\"border-radius:20px\" srcset=\"https:\/\/tatjanas-haarstudio.de\/wp-content\/uploads\/2025\/01\/WhatsApp-Image-2025-01-09-at-12.48.54-2.jpeg 1600w, https:\/\/tatjanas-haarstudio.de\/wp-content\/uploads\/2025\/01\/WhatsApp-Image-2025-01-09-at-12.48.54-2-300x225.jpeg 300w, https:\/\/tatjanas-haarstudio.de\/wp-content\/uploads\/2025\/01\/WhatsApp-Image-2025-01-09-at-12.48.54-2-1024x768.jpeg 1024w, https:\/\/tatjanas-haarstudio.de\/wp-content\/uploads\/2025\/01\/WhatsApp-Image-2025-01-09-at-12.48.54-2-768x576.jpeg 768w, https:\/\/tatjanas-haarstudio.de\/wp-content\/uploads\/2025\/01\/WhatsApp-Image-2025-01-09-at-12.48.54-2-1536x1152.jpeg 1536w\" sizes=\"auto, (max-width: 1600px) 100vw, 1600px\" \/><\/figure>\n\n\n\n<div style=\"height:10px\" aria-hidden=\"true\" class=\"wp-block-spacer\"><\/div>\n\n\n\n<div class=\"wp-block-columns alignwide is-layout-flex wp-container-core-columns-is-layout-28f84493 wp-block-columns-is-layout-flex\">\n<div class=\"wp-block-column is-layout-flow wp-block-column-is-layout-flow\">\n<figure class=\"wp-block-image aligncenter size-full has-custom-border ext-aspect-landscape-wide is-style-rounded\"><img loading=\"lazy\" decoding=\"async\" width=\"768\" height=\"512\" src=\"https:\/\/tatjanas-haarstudio.de\/wp-content\/uploads\/2024\/10\/image-3-e1764862292466.jpg\" alt=\"\" class=\"wp-image-71\" style=\"border-radius:20px;aspect-ratio:4\/3;object-fit:cover\" srcset=\"https:\/\/tatjanas-haarstudio.de\/wp-content\/uploads\/2024\/10\/image-3-e1764862292466.jpg 768w, https:\/\/tatjanas-haarstudio.de\/wp-content\/uploads\/2024\/10\/image-3-e1764862292466-300x200.jpg 300w\" sizes=\"auto, (max-width: 768px) 100vw, 768px\" \/><\/figure>\n\n\n\n<p class=\"has-medium-font-size\"><strong>Professionelle Haarschnitte<\/strong><\/p>\n\n\n\n<p>Ich kreiere individuelle Haarschnitte, die perfekt zu deinem Stil und deinen W\u00fcnschen passen.<\/p>\n<\/div>\n\n\n\n<div class=\"wp-block-column is-layout-flow wp-block-column-is-layout-flow\">\n<figure class=\"wp-block-image aligncenter size-full has-custom-border ext-aspect-landscape-wide is-style-rounded\"><img loading=\"lazy\" decoding=\"async\" width=\"768\" height=\"512\" src=\"\/wp-content\/uploads\/2024\/10\/image-4.jpg\" alt=\"\" class=\"wp-image-72\" style=\"border-radius:20px;aspect-ratio:4\/3;object-fit:cover\" srcset=\"https:\/\/tatjanas-haarstudio.de\/wp-content\/uploads\/2024\/10\/image-4.jpg 768w, https:\/\/tatjanas-haarstudio.de\/wp-content\/uploads\/2024\/10\/image-4-300x200.jpg 300w\" sizes=\"auto, (max-width: 768px) 100vw, 768px\" \/><\/figure>\n\n\n\n<p class=\"has-medium-font-size\"><strong>Farbver\u00e4nderungen<\/strong><\/p>\n\n\n\n<p>Ob Balayage, Str\u00e4hnchen oder eine komplette Farbtransformation: Alles ist m\u00f6glich!<\/p>\n<\/div>\n\n\n\n<div class=\"wp-block-column is-layout-flow wp-block-column-is-layout-flow\">\n<figure class=\"wp-block-image aligncenter size-full has-custom-border ext-aspect-landscape-wide is-style-rounded\"><img loading=\"lazy\" decoding=\"async\" width=\"1080\" height=\"1080\" src=\"https:\/\/tatjanas-haarstudio.de\/wp-content\/uploads\/2025\/01\/Snapinsta.app_350550004_940630093842149_5821419915984684851_n_1080-e1764862310860.jpg\" alt=\"\" class=\"wp-image-154\" style=\"border-radius:20px;aspect-ratio:4\/3;object-fit:cover\" srcset=\"https:\/\/tatjanas-haarstudio.de\/wp-content\/uploads\/2025\/01\/Snapinsta.app_350550004_940630093842149_5821419915984684851_n_1080-e1764862310860.jpg 1080w, https:\/\/tatjanas-haarstudio.de\/wp-content\/uploads\/2025\/01\/Snapinsta.app_350550004_940630093842149_5821419915984684851_n_1080-e1764862310860-300x300.jpg 300w, https:\/\/tatjanas-haarstudio.de\/wp-content\/uploads\/2025\/01\/Snapinsta.app_350550004_940630093842149_5821419915984684851_n_1080-e1764862310860-1024x1024.jpg 1024w, https:\/\/tatjanas-haarstudio.de\/wp-content\/uploads\/2025\/01\/Snapinsta.app_350550004_940630093842149_5821419915984684851_n_1080-e1764862310860-150x150.jpg 150w, https:\/\/tatjanas-haarstudio.de\/wp-content\/uploads\/2025\/01\/Snapinsta.app_350550004_940630093842149_5821419915984684851_n_1080-e1764862310860-768x768.jpg 768w\" sizes=\"auto, (max-width: 1080px) 100vw, 1080px\" \/><\/figure>\n\n\n\n<p class=\"has-medium-font-size\"><strong>Hochsteckfrisuren<\/strong><\/p>\n\n\n\n<p>Verleihe deinen Haaren an einem besonderen Tag einen einzigartigen Look &#8211; mit einer Hochsteckfrisur!<\/p>\n<\/div>\n\n\n\n<div class=\"wp-block-column is-layout-flow wp-block-column-is-layout-flow\">\n<figure class=\"wp-block-image aligncenter size-full has-custom-border ext-aspect-landscape-wide is-style-rounded\"><img loading=\"lazy\" decoding=\"async\" width=\"768\" height=\"512\" src=\"\/wp-content\/uploads\/2024\/10\/image-5.jpg\" alt=\"\" class=\"wp-image-73\" style=\"border-radius:20px;aspect-ratio:4\/3;object-fit:cover\" srcset=\"https:\/\/tatjanas-haarstudio.de\/wp-content\/uploads\/2024\/10\/image-5.jpg 768w, https:\/\/tatjanas-haarstudio.de\/wp-content\/uploads\/2024\/10\/image-5-300x200.jpg 300w\" sizes=\"auto, (max-width: 768px) 100vw, 768px\" \/><\/figure>\n\n\n\n<p class=\"has-medium-font-size\"><strong>Haarpflege und Behandlungen<\/strong><\/p>\n\n\n\n<p>G\u00f6nn dir und deinem Haar eine Auszeit mit meinen hochwertigen Pflege- und Behandlungsprodukten.<\/p>\n<\/div>\n<\/div>\n<\/div>\n\n\n\n<div class=\"wp-block-group alignfull has-tertiary-background-color has-background has-global-padding is-layout-constrained wp-container-core-group-is-layout-7276a2bb wp-block-group-is-layout-constrained\" id=\"ueber-uns\" style=\"margin-top:0;margin-bottom:0;padding-top:var(--wp--preset--spacing--60);padding-right:var(--wp--preset--spacing--30);padding-bottom:var(--wp--preset--spacing--60);padding-left:var(--wp--preset--spacing--30)\">\n<div class=\"wp-block-columns alignwide are-vertically-aligned-center is-layout-flex wp-container-core-columns-is-layout-47c06fe3 wp-block-columns-is-layout-flex\">\n<div class=\"wp-block-column is-vertically-aligned-center is-layout-flow wp-block-column-is-layout-flow\" style=\"flex-basis:33.3%\">\n<h2 class=\"wp-block-heading has-text-align-left has-large-font-size\">Ich bin Tatjana Spomer, Friseurmeisterin.<\/h2>\n\n\n\n<p style=\"margin-top:16px\">Als Friseurmeisterin ist es nicht nur meine Aufgabe, sondern auch meine Leidenschaft, Menschen mit meinen F\u00e4higkeiten und meinem Fachwissen zu ver\u00e4ndern. Ich habe langj\u00e4hrige Erfahrung in der Friseurbranche und lege viel Wert darauf, die neuesten Trends und Techniken zu beherrschen, um stets das beste Ergebnis zu liefern.<\/p>\n<\/div>\n\n\n\n<div class=\"wp-block-column is-layout-flow wp-block-column-is-layout-flow\" style=\"flex-basis:250px\"><\/div>\n\n\n\n<div class=\"wp-block-column is-vertically-aligned-center is-layout-flow wp-container-core-column-is-layout-f5bb311e wp-block-column-is-layout-flow\" style=\"flex-basis:25%\">\n<figure class=\"wp-block-gallery has-nested-images columns-2 is-cropped wp-block-gallery-2 is-layout-flex wp-block-gallery-is-layout-flex\">\n<figure class=\"wp-block-image alignright size-full has-custom-border is-style-rounded\"><img loading=\"lazy\" decoding=\"async\" width=\"1920\" height=\"2560\" data-id=\"386\" src=\"https:\/\/tatjanas-haarstudio.de\/wp-content\/uploads\/2025\/07\/IMG_3281-scaled.jpg\" alt=\"\" class=\"wp-image-386\" style=\"border-radius:40px;aspect-ratio:3\/4;object-fit:cover\" srcset=\"https:\/\/tatjanas-haarstudio.de\/wp-content\/uploads\/2025\/07\/IMG_3281-scaled.jpg 1920w, https:\/\/tatjanas-haarstudio.de\/wp-content\/uploads\/2025\/07\/IMG_3281-225x300.jpg 225w, https:\/\/tatjanas-haarstudio.de\/wp-content\/uploads\/2025\/07\/IMG_3281-768x1024.jpg 768w, https:\/\/tatjanas-haarstudio.de\/wp-content\/uploads\/2025\/07\/IMG_3281-1152x1536.jpg 1152w, https:\/\/tatjanas-haarstudio.de\/wp-content\/uploads\/2025\/07\/IMG_3281-1536x2048.jpg 1536w\" sizes=\"auto, (max-width: 1920px) 100vw, 1920px\" \/><\/figure>\n<\/figure>\n<\/div>\n<\/div>\n<\/div>\n\n\n\n<div class=\"wp-block-group alignfull has-background-background-color has-background has-global-padding is-layout-constrained wp-container-core-group-is-layout-fb85e995 wp-block-group-is-layout-constrained\" id=\"referenzen\" style=\"margin-top:0;margin-bottom:0;padding-top:var(--wp--preset--spacing--60);padding-right:var(--wp--preset--spacing--30);padding-bottom:var(--wp--preset--spacing--60);padding-left:var(--wp--preset--spacing--30)\">\n<div class=\"wp-block-group alignwide has-global-padding is-content-justification-center is-layout-constrained wp-block-group-is-layout-constrained\">\n<h2 class=\"wp-block-heading has-text-align-center has-large-font-size\">Kundenmeinungen<\/h2>\n\n\n\n<p class=\"has-text-align-center\" style=\"margin-top:16px\">Dass du zufrieden bist, ist f\u00fcr mich am Wichtigsten. Lies dir gerne durch, was andere Kunden \u00fcber mich sagen!<\/p>\n<\/div>\n\n\n\n<div class=\"wp-block-columns alignwide is-layout-flex wp-container-core-columns-is-layout-28f84493 wp-block-columns-is-layout-flex\">\n<div class=\"wp-block-column is-layout-flow wp-block-column-is-layout-flow\">\n<div class=\"wp-block-group has-tertiary-background-color has-background has-global-padding is-layout-constrained wp-container-core-group-is-layout-a35945ca wp-block-group-is-layout-constrained\" style=\"border-radius:4px;padding-top:var(--wp--preset--spacing--30);padding-right:var(--wp--preset--spacing--30);padding-bottom:var(--wp--preset--spacing--30);padding-left:var(--wp--preset--spacing--30)\">\n<p style=\"margin-top:var(--wp--preset--spacing--20);font-style:normal;font-weight:500\">Tatjana ist immer mit einem offenen Ohr f\u00fcr mich da und geht auf meine W\u00fcnsche immer ein.<\/p>\n\n\n\n<div class=\"wp-block-group is-nowrap is-layout-flex wp-container-core-group-is-layout-3b4e9d3e wp-block-group-is-layout-flex\">\n<div class=\"wp-block-group has-global-padding is-layout-constrained wp-block-group-is-layout-constrained\">\n<h4 class=\"wp-block-heading has-text-align-left has-small-font-size\"><\/h4>\n\n\n\n<p class=\"has-text-align-left has-small-font-size\" style=\"margin-top:2px\"><\/p>\n<\/div>\n<\/div>\n<\/div>\n<\/div>\n\n\n\n<div class=\"wp-block-column is-layout-flow wp-block-column-is-layout-flow\">\n<div class=\"wp-block-group has-tertiary-background-color has-background has-global-padding is-layout-constrained wp-container-core-group-is-layout-a35945ca wp-block-group-is-layout-constrained\" style=\"border-radius:4px;padding-top:var(--wp--preset--spacing--30);padding-right:var(--wp--preset--spacing--30);padding-bottom:var(--wp--preset--spacing--30);padding-left:var(--wp--preset--spacing--30)\">\n<p style=\"margin-top:var(--wp--preset--spacing--20);font-style:normal;font-weight:500\">Meine Haare wurden bei Tatjana mit viel Liebe zum Detail behandelt, ich bin begeistert!<\/p>\n\n\n\n<div class=\"wp-block-group is-nowrap is-layout-flex wp-container-core-group-is-layout-3b4e9d3e wp-block-group-is-layout-flex\">\n<h4 class=\"wp-block-heading has-text-align-left has-small-font-size\"><\/h4>\n\n\n\n<div class=\"wp-block-group has-global-padding is-layout-constrained wp-block-group-is-layout-constrained\">\n<p class=\"has-text-align-left has-small-font-size\" style=\"margin-top:2px\"><\/p>\n<\/div>\n<\/div>\n<\/div>\n<\/div>\n\n\n\n<div class=\"wp-block-column is-layout-flow wp-block-column-is-layout-flow\">\n<div class=\"wp-block-group has-tertiary-background-color has-background has-global-padding is-layout-constrained wp-container-core-group-is-layout-a35945ca wp-block-group-is-layout-constrained\" style=\"border-radius:4px;padding-top:var(--wp--preset--spacing--30);padding-right:var(--wp--preset--spacing--30);padding-bottom:var(--wp--preset--spacing--30);padding-left:var(--wp--preset--spacing--30)\">\n<p style=\"margin-top:var(--wp--preset--spacing--20);font-style:normal;font-weight:500\">Ich liebe es, mich von Tatjana verw\u00f6hnen zu lassen und mich zu entspannen, w\u00e4hrend sie sich um meine Haare k\u00fcmmert! <\/p>\n\n\n\n<div class=\"wp-block-group is-nowrap is-layout-flex wp-container-core-group-is-layout-3b4e9d3e wp-block-group-is-layout-flex\">\n<div class=\"wp-block-group has-global-padding is-layout-constrained wp-block-group-is-layout-constrained\">\n<h4 class=\"wp-block-heading has-text-align-left has-small-font-size\"><\/h4>\n\n\n\n<p class=\"has-text-align-left has-small-font-size\" style=\"margin-top:2px\"><\/p>\n<\/div>\n<\/div>\n<\/div>\n<\/div>\n<\/div>\n\n\n\n<figure class=\"wp-block-gallery alignwide has-nested-images columns-default is-cropped wp-block-gallery-3 is-layout-flex wp-block-gallery-is-layout-flex\">\n<figure class=\"wp-block-image size-full has-custom-border is-style-rounded\"><img loading=\"lazy\" decoding=\"async\" width=\"768\" height=\"768\" data-id=\"94\" src=\"\/wp-content\/uploads\/2024\/10\/image-11.jpg\" alt=\"\" class=\"wp-image-94\" style=\"border-radius:20px\" srcset=\"https:\/\/tatjanas-haarstudio.de\/wp-content\/uploads\/2024\/10\/image-11.jpg 768w, https:\/\/tatjanas-haarstudio.de\/wp-content\/uploads\/2024\/10\/image-11-300x300.jpg 300w, https:\/\/tatjanas-haarstudio.de\/wp-content\/uploads\/2024\/10\/image-11-150x150.jpg 150w\" sizes=\"auto, (max-width: 768px) 100vw, 768px\" \/><\/figure>\n\n\n\n<figure class=\"wp-block-image size-full has-custom-border is-style-rounded\"><img loading=\"lazy\" decoding=\"async\" width=\"1200\" height=\"1600\" data-id=\"211\" src=\"\/wp-content\/uploads\/2025\/01\/WhatsApp-Image-2025-01-09-at-12.48.54-8.jpeg\" alt=\"\" class=\"wp-image-211\" style=\"border-radius:20px\" srcset=\"https:\/\/tatjanas-haarstudio.de\/wp-content\/uploads\/2025\/01\/WhatsApp-Image-2025-01-09-at-12.48.54-8.jpeg 1200w, https:\/\/tatjanas-haarstudio.de\/wp-content\/uploads\/2025\/01\/WhatsApp-Image-2025-01-09-at-12.48.54-8-225x300.jpeg 225w, https:\/\/tatjanas-haarstudio.de\/wp-content\/uploads\/2025\/01\/WhatsApp-Image-2025-01-09-at-12.48.54-8-768x1024.jpeg 768w, https:\/\/tatjanas-haarstudio.de\/wp-content\/uploads\/2025\/01\/WhatsApp-Image-2025-01-09-at-12.48.54-8-1152x1536.jpeg 1152w\" sizes=\"auto, (max-width: 1200px) 100vw, 1200px\" \/><\/figure>\n\n\n\n<figure class=\"wp-block-image size-full has-custom-border\"><img loading=\"lazy\" decoding=\"async\" width=\"768\" height=\"1024\" data-id=\"96\" src=\"\/wp-content\/uploads\/2024\/10\/image-9.jpg\" alt=\"\" class=\"wp-image-96\" style=\"border-radius:20px\" srcset=\"https:\/\/tatjanas-haarstudio.de\/wp-content\/uploads\/2024\/10\/image-9.jpg 768w, https:\/\/tatjanas-haarstudio.de\/wp-content\/uploads\/2024\/10\/image-9-225x300.jpg 225w\" sizes=\"auto, (max-width: 768px) 100vw, 768px\" \/><\/figure>\n\n\n\n<figure class=\"wp-block-image size-full has-custom-border\"><img loading=\"lazy\" decoding=\"async\" width=\"698\" height=\"1024\" data-id=\"99\" src=\"\/wp-content\/uploads\/2024\/10\/image-8.jpg\" alt=\"\" class=\"wp-image-99\" style=\"border-radius:20px\" srcset=\"https:\/\/tatjanas-haarstudio.de\/wp-content\/uploads\/2024\/10\/image-8.jpg 698w, https:\/\/tatjanas-haarstudio.de\/wp-content\/uploads\/2024\/10\/image-8-204x300.jpg 204w\" sizes=\"auto, (max-width: 698px) 100vw, 698px\" \/><\/figure>\n\n\n\n<figure class=\"wp-block-image size-full has-custom-border\"><img loading=\"lazy\" decoding=\"async\" width=\"1200\" height=\"1600\" data-id=\"210\" src=\"\/wp-content\/uploads\/2025\/01\/WhatsApp-Image-2025-01-09-at-12.48.54-4.jpeg\" alt=\"\" class=\"wp-image-210\" style=\"border-radius:20px\" srcset=\"https:\/\/tatjanas-haarstudio.de\/wp-content\/uploads\/2025\/01\/WhatsApp-Image-2025-01-09-at-12.48.54-4.jpeg 1200w, https:\/\/tatjanas-haarstudio.de\/wp-content\/uploads\/2025\/01\/WhatsApp-Image-2025-01-09-at-12.48.54-4-225x300.jpeg 225w, https:\/\/tatjanas-haarstudio.de\/wp-content\/uploads\/2025\/01\/WhatsApp-Image-2025-01-09-at-12.48.54-4-768x1024.jpeg 768w, https:\/\/tatjanas-haarstudio.de\/wp-content\/uploads\/2025\/01\/WhatsApp-Image-2025-01-09-at-12.48.54-4-1152x1536.jpeg 1152w\" sizes=\"auto, (max-width: 1200px) 100vw, 1200px\" \/><\/figure>\n\n\n\n<figure class=\"wp-block-image size-full has-custom-border\"><img loading=\"lazy\" decoding=\"async\" width=\"677\" height=\"1024\" data-id=\"97\" src=\"\/wp-content\/uploads\/2024\/10\/image-7.jpg\" alt=\"\" class=\"wp-image-97\" style=\"border-radius:20px\" srcset=\"https:\/\/tatjanas-haarstudio.de\/wp-content\/uploads\/2024\/10\/image-7.jpg 677w, https:\/\/tatjanas-haarstudio.de\/wp-content\/uploads\/2024\/10\/image-7-198x300.jpg 198w\" sizes=\"auto, (max-width: 677px) 100vw, 677px\" \/><\/figure>\n<\/figure>\n<\/div>\n\n\n\n<div class=\"wp-block-group alignfull has-tertiary-background-color has-background has-global-padding is-layout-constrained wp-container-core-group-is-layout-7276a2bb wp-block-group-is-layout-constrained\" id=\"kontakt\" style=\"margin-top:0;margin-bottom:0;padding-top:var(--wp--preset--spacing--60);padding-right:var(--wp--preset--spacing--30);padding-bottom:var(--wp--preset--spacing--60);padding-left:var(--wp--preset--spacing--30)\">\n<div class=\"wp-block-columns alignwide is-layout-flex wp-container-core-columns-is-layout-47c06fe3 wp-block-columns-is-layout-flex\">\n<div class=\"wp-block-column is-layout-flow wp-container-core-column-is-layout-8a368f38 wp-block-column-is-layout-flow\" style=\"flex-basis:50%\">\n<figure class=\"wp-block-image size-full has-custom-border\"><img loading=\"lazy\" decoding=\"async\" width=\"1920\" height=\"2560\" src=\"https:\/\/tatjanas-haarstudio.de\/wp-content\/uploads\/2025\/07\/IMG_3303-scaled.jpg\" alt=\"\" class=\"wp-image-389\" style=\"border-radius:40px;aspect-ratio:4\/3;object-fit:cover\" srcset=\"https:\/\/tatjanas-haarstudio.de\/wp-content\/uploads\/2025\/07\/IMG_3303-scaled.jpg 1920w, https:\/\/tatjanas-haarstudio.de\/wp-content\/uploads\/2025\/07\/IMG_3303-225x300.jpg 225w, https:\/\/tatjanas-haarstudio.de\/wp-content\/uploads\/2025\/07\/IMG_3303-768x1024.jpg 768w, https:\/\/tatjanas-haarstudio.de\/wp-content\/uploads\/2025\/07\/IMG_3303-1152x1536.jpg 1152w, https:\/\/tatjanas-haarstudio.de\/wp-content\/uploads\/2025\/07\/IMG_3303-1536x2048.jpg 1536w\" sizes=\"auto, (max-width: 1920px) 100vw, 1920px\" \/><\/figure>\n\n\n\n<div style=\"height:10px\" aria-hidden=\"true\" class=\"wp-block-spacer\"><\/div>\n\n\n\n<div class=\"wp-block-group has-background-background-color has-background has-global-padding is-layout-constrained wp-container-core-group-is-layout-24fca791 wp-block-group-is-layout-constrained\" style=\"border-radius:40px;padding-top:var(--wp--preset--spacing--30);padding-right:24px;padding-bottom:var(--wp--preset--spacing--30);padding-left:24px\">\n<p>Ich freue mich sehr darauf, meine langj\u00e4hrige Erfahrung zu benutzen, um deine W\u00fcnsche umzusetzen!<\/p>\n\n\n\n<div class=\"wp-block-group is-nowrap is-layout-flex wp-container-core-group-is-layout-3b4e9d3e wp-block-group-is-layout-flex\">\n<div class=\"wp-block-group has-global-padding is-layout-constrained wp-block-group-is-layout-constrained\">\n<h4 class=\"wp-block-heading has-text-align-left has-medium-font-size\">Tatjana Spomer<\/h4>\n\n\n\n<p class=\"has-text-align-left has-small-font-size\" style=\"margin-top:2px\">Friseurmeisterin<\/p>\n<\/div>\n<\/div>\n<\/div>\n<\/div>\n\n\n\n<div class=\"wp-block-column is-layout-flow wp-block-column-is-layout-flow\" style=\"flex-basis:50%\">\n<h2 class=\"wp-block-heading has-large-font-size\">Vereinbare noch heute deinen Termin!<\/h2>\n\n\n\n<p class=\"has-medium-font-size\"><strong>Petrusstra\u00dfe 18<\/strong><\/p>\n\n\n\n<p class=\"has-medium-font-size\" style=\"margin-top:0\"><strong>54292 Trier<\/strong><\/p>\n\n\n\n<p class=\"has-medium-font-size\" style=\"margin-top:8px\"><a href=\"tel:+4917696887698\" title=\"\">+49 176 9688 7698<\/a><\/p>\n\n\n\n<div style=\"height:10px\" aria-hidden=\"true\" class=\"wp-block-spacer\"><\/div>\n\n\n\n<h2 class=\"wp-block-heading has-large-font-size\">\u00d6ffnungszeiten:<\/h2>\n\n\n\n<p>Montags \u2013 Freitags: 09:00 \u2013 18:00<br>Samstags: Nach Vereinbarung<br>Sonntags: Geschlossen<\/p>\n<\/div>\n<\/div>\n<\/div>\n","protected":false},"excerpt":{"rendered":"<p>Herzlich willkommen! Mit meiner Erfahrung kreiere ich f\u00fcr dich einzigartige Haarschnitte. Genie\u00dfe ein individuelles und auf deine W\u00fcnsche zugeschnittenes Styling basierend auf \u00fcber 20 Jahren Erfahrung. Professionelle Haarschnitte Ich kreiere individuelle Haarschnitte, die perfekt zu deinem Stil und deinen W\u00fcnschen passen. Farbver\u00e4nderungen Ob Balayage, Str\u00e4hnchen oder eine komplette Farbtransformation: Alles ist m\u00f6glich! Hochsteckfrisuren Verleihe deinen [&hellip;]<\/p>\n","protected":false},"author":1,"featured_media":0,"parent":0,"menu_order":0,"comment_status":"closed","ping_status":"closed","template":"no-title","meta":{"footnotes":""},"class_list":["post-16","page","type-page","status-publish","hentry"],"aioseo_notices":[],"_links":{"self":[{"href":"https:\/\/tatjanas-haarstudio.de\/index.php?rest_route=\/wp\/v2\/pages\/16","targetHints":{"allow":["GET"]}}],"collection":[{"href":"https:\/\/tatjanas-haarstudio.de\/index.php?rest_route=\/wp\/v2\/pages"}],"about":[{"href":"https:\/\/tatjanas-haarstudio.de\/index.php?rest_route=\/wp\/v2\/types\/page"}],"author":[{"embeddable":true,"href":"https:\/\/tatjanas-haarstudio.de\/index.php?rest_route=\/wp\/v2\/users\/1"}],"replies":[{"embeddable":true,"href":"https:\/\/tatjanas-haarstudio.de\/index.php?rest_route=%2Fwp%2Fv2%2Fcomments&post=16"}],"version-history":[{"count":80,"href":"https:\/\/tatjanas-haarstudio.de\/index.php?rest_route=\/wp\/v2\/pages\/16\/revisions"}],"predecessor-version":[{"id":408,"href":"https:\/\/tatjanas-haarstudio.de\/index.php?rest_route=\/wp\/v2\/pages\/16\/revisions\/408"}],"wp:attachment":[{"href":"https:\/\/tatjanas-haarstudio.de\/index.php?rest_route=%2Fwp%2Fv2%2Fmedia&parent=16"}],"curies":[{"name":"wp","href":"https:\/\/api.w.org\/{rel}","templated":true}]}}