{"id":12,"date":"2024-10-21T20:20:35","date_gmt":"2024-10-21T20:20:35","guid":{"rendered":"https:\/\/tatjanashaarstud-p8r54vxqoj.live-website.com\/buchung\/"},"modified":"2025-07-11T10:31:36","modified_gmt":"2025-07-11T10:31:36","slug":"buchung","status":"publish","type":"page","link":"https:\/\/tatjanas-haarstudio.de\/?page_id=12","title":{"rendered":"Buchung"},"content":{"rendered":"\n<div class=\"wp-block-group alignfull has-background-background-color has-background has-global-padding is-layout-constrained wp-container-core-group-is-layout-832022f9 wp-block-group-is-layout-constrained\" style=\"margin-top:0;margin-bottom:0;padding-top:0;padding-right:0;padding-bottom:0;padding-left:0\">\n<div class=\"wp-block-cover alignfull\" style=\"padding-top:0;padding-right:var(--wp--preset--spacing--30);padding-bottom:0;padding-left:var(--wp--preset--spacing--30);min-height:50px;aspect-ratio:unset;\"><img loading=\"lazy\" decoding=\"async\" width=\"1280\" height=\"853\" class=\"wp-block-cover__image-background wp-image-30\" alt=\"\" src=\"\/wp-content\/uploads\/2024\/10\/396d2b5a0c033c641d743c6555d3eed99839e867.jpg\" data-object-fit=\"cover\" srcset=\"https:\/\/tatjanas-haarstudio.de\/wp-content\/uploads\/2024\/10\/396d2b5a0c033c641d743c6555d3eed99839e867.jpg 1280w, https:\/\/tatjanas-haarstudio.de\/wp-content\/uploads\/2024\/10\/396d2b5a0c033c641d743c6555d3eed99839e867-300x200.jpg 300w, https:\/\/tatjanas-haarstudio.de\/wp-content\/uploads\/2024\/10\/396d2b5a0c033c641d743c6555d3eed99839e867-1024x682.jpg 1024w, https:\/\/tatjanas-haarstudio.de\/wp-content\/uploads\/2024\/10\/396d2b5a0c033c641d743c6555d3eed99839e867-768x512.jpg 768w\" sizes=\"auto, (max-width: 1280px) 100vw, 1280px\" \/><span aria-hidden=\"true\" class=\"wp-block-cover__background has-black-background-color has-background-dim-60 has-background-dim\"><\/span><div class=\"wp-block-cover__inner-container is-layout-flow wp-block-cover-is-layout-flow\">\n<div class=\"wp-block-group has-global-padding is-layout-constrained wp-block-group-is-layout-constrained\" style=\"padding-top:var(--wp--preset--spacing--60);padding-bottom:var(--wp--preset--spacing--60)\">\n<div class=\"wp-block-group alignwide has-global-padding is-content-justification-center is-layout-constrained wp-block-group-is-layout-constrained\">\n<h1 class=\"wp-block-heading has-text-align-center has-text-color has-x-large-font-size\" style=\"color:#fffffffc\">Termin vereinbaren &amp; verw\u00f6hnen lassen!<\/h1>\n\n\n\n<p class=\"has-text-align-center has-text-color\" style=\"color:#fffffffc;margin-top:16px\">Individuelle Styles und exklusive Pflege. Sichere dir jetzt deinen Termin!<\/p>\n<\/div>\n<\/div>\n<\/div><\/div>\n<\/div>\n\n\n\n<div class=\"wp-block-group alignfull has-tertiary-background-color has-background has-global-padding is-layout-constrained wp-container-core-group-is-layout-7276a2bb wp-block-group-is-layout-constrained\" style=\"margin-top:0;margin-bottom:0;padding-top:var(--wp--preset--spacing--60);padding-right:var(--wp--preset--spacing--30);padding-bottom:var(--wp--preset--spacing--60);padding-left:var(--wp--preset--spacing--30)\">\n<div class=\"wp-block-columns alignwide are-vertically-aligned-center is-layout-flex wp-container-core-columns-is-layout-08c01c1c wp-block-columns-is-layout-flex\">\n<div class=\"wp-block-column is-vertically-aligned-center is-layout-flow wp-block-column-is-layout-flow\">\n<h2 class=\"wp-block-heading has-large-font-size\">Buche jetzt einen Termin bei mir!<\/h2>\n\n\n\n<p style=\"margin-top:16px\">Bitte beachte, dass Terminvereinbarungen mit mir ausschlie\u00dflich telefonisch m\u00f6glich sind.<\/p>\n\n\n\n<div class=\"wp-block-buttons is-layout-flex wp-block-buttons-is-layout-flex\" style=\"margin-top:var(--wp--preset--spacing--40)\">\n<div class=\"wp-block-button\"><a class=\"wp-block-button__link wp-element-button\" href=\"tel:+4917696887698\">Termin sichern<\/a><\/div>\n<\/div>\n<\/div>\n\n\n\n<div class=\"wp-block-column is-vertically-aligned-center is-layout-flow wp-block-column-is-layout-flow\">\n<div class=\"wp-block-cover is-light has-custom-content-position is-position-bottom-left\" style=\"border-radius:40px;padding-top:var(--wp--preset--spacing--40);padding-right:var(--wp--preset--spacing--30);padding-bottom:var(--wp--preset--spacing--30);padding-left:var(--wp--preset--spacing--30);min-height:100%;aspect-ratio:unset;\"><img loading=\"lazy\" decoding=\"async\" width=\"768\" height=\"1024\" class=\"wp-block-cover__image-background wp-image-386 size-large\" alt=\"\" src=\"https:\/\/tatjanas-haarstudio.de\/wp-content\/uploads\/2025\/07\/IMG_3281-768x1024.jpg\" data-object-fit=\"cover\" srcset=\"https:\/\/tatjanas-haarstudio.de\/wp-content\/uploads\/2025\/07\/IMG_3281-768x1024.jpg 768w, https:\/\/tatjanas-haarstudio.de\/wp-content\/uploads\/2025\/07\/IMG_3281-225x300.jpg 225w, https:\/\/tatjanas-haarstudio.de\/wp-content\/uploads\/2025\/07\/IMG_3281-1152x1536.jpg 1152w, https:\/\/tatjanas-haarstudio.de\/wp-content\/uploads\/2025\/07\/IMG_3281-1536x2048.jpg 1536w, https:\/\/tatjanas-haarstudio.de\/wp-content\/uploads\/2025\/07\/IMG_3281-scaled.jpg 1920w\" sizes=\"auto, (max-width: 768px) 100vw, 768px\" \/><span aria-hidden=\"true\" class=\"wp-block-cover__background has-tertiary-background-color has-background-dim-60 has-background-dim\"><\/span><div class=\"wp-block-cover__inner-container is-layout-flow wp-block-cover-is-layout-flow\">\n<div style=\"height:240px\" aria-hidden=\"true\" class=\"wp-block-spacer\"><\/div>\n\n\n\n<div class=\"wp-block-group has-global-padding is-layout-constrained wp-block-group-is-layout-constrained\">\n<p class=\"has-foreground-color has-text-color has-link-color wp-elements-3e8fc43007bdbc8334e4cfd89c194690\" style=\"font-size:clamp(1.119rem, 1.119rem + ((1vw - 0.2rem) * 1.052), 1.75rem);font-style:normal;font-weight:500;line-height:1.3\">Ich freue mich, deine Bekanntschaft zu machen oder dich wiederzusehen!<\/p>\n\n\n\n<h4 class=\"wp-block-heading has-text-align-left has-foreground-color has-text-color has-link-color has-small-font-size wp-elements-a4e684684c0ff91e0af69becaa7506ce\">Tatjana Spomer<\/h4>\n<\/div>\n<\/div><\/div>\n<\/div>\n<\/div>\n<\/div>\n\n\n\n<div class=\"wp-block-group alignfull has-background-background-color has-background has-global-padding is-layout-constrained wp-container-core-group-is-layout-7276a2bb wp-block-group-is-layout-constrained\" style=\"margin-top:0;margin-bottom:0;padding-top:var(--wp--preset--spacing--60);padding-right:var(--wp--preset--spacing--30);padding-bottom:var(--wp--preset--spacing--60);padding-left:var(--wp--preset--spacing--30)\">\n<div class=\"wp-block-group has-global-padding is-layout-constrained wp-block-group-is-layout-constrained\">\n<h2 class=\"wp-block-heading has-text-align-center has-large-font-size\">Vereinbare jetzt einen Termin und lasse dich von mir verw\u00f6hnen.<\/h2>\n\n\n\n<p class=\"has-text-align-center\" style=\"margin-top:16px\">Ich stehe f\u00fcr einzigartige Frisurkonzepte und individuelle Haarl\u00f6sungen f\u00fcr jeden Gast. Buche dir jetzt einen Termin und erlebe, wie wir deinen Haaren die Liebe zukommen lassen, die sie verdienen!<\/p>\n\n\n\n<div class=\"wp-block-buttons is-content-justification-center is-layout-flex wp-container-core-buttons-is-layout-720bcce9 wp-block-buttons-is-layout-flex\">\n<div class=\"wp-block-button is-style-outline is-style-outline--1\"><a class=\"wp-block-button__link wp-element-button\" href=\"\/?page_id=15\">Mehr erfahren<\/a><\/div>\n\n\n\n<div class=\"wp-block-button\"><a class=\"wp-block-button__link wp-element-button\" href=\"tel:+4917696887698\">Termin buchen<\/a><\/div>\n<\/div>\n<\/div>\n\n\n\n<div class=\"wp-block-cover alignwide is-light has-aspect-ratio\" style=\"border-radius:40px;aspect-ratio:16\/9;min-height:unset;\"><img loading=\"lazy\" decoding=\"async\" width=\"1920\" height=\"2560\" class=\"wp-block-cover__image-background wp-image-389 size-full\" alt=\"\" src=\"https:\/\/tatjanas-haarstudio.de\/wp-content\/uploads\/2025\/07\/IMG_3303-scaled.jpg\" data-object-fit=\"cover\" srcset=\"https:\/\/tatjanas-haarstudio.de\/wp-content\/uploads\/2025\/07\/IMG_3303-scaled.jpg 1920w, https:\/\/tatjanas-haarstudio.de\/wp-content\/uploads\/2025\/07\/IMG_3303-225x300.jpg 225w, https:\/\/tatjanas-haarstudio.de\/wp-content\/uploads\/2025\/07\/IMG_3303-768x1024.jpg 768w, https:\/\/tatjanas-haarstudio.de\/wp-content\/uploads\/2025\/07\/IMG_3303-1152x1536.jpg 1152w, https:\/\/tatjanas-haarstudio.de\/wp-content\/uploads\/2025\/07\/IMG_3303-1536x2048.jpg 1536w\" sizes=\"auto, (max-width: 1920px) 100vw, 1920px\" \/><span aria-hidden=\"true\" class=\"wp-block-cover__background has-background-dim-0 has-background-dim\" style=\"background-color:#9e8d7c\"><\/span><div class=\"wp-block-cover__inner-container has-global-padding is-layout-constrained wp-block-cover-is-layout-constrained\">\n<div style=\"height:360px\" aria-hidden=\"true\" class=\"wp-block-spacer\"><\/div>\n<\/div><\/div>\n<\/div>\n\n\n\n<div class=\"wp-block-group alignfull has-tertiary-background-color has-background has-global-padding is-layout-constrained wp-container-core-group-is-layout-7276a2bb wp-block-group-is-layout-constrained\" id=\"kontakt\" style=\"margin-top:0;margin-bottom:0;padding-top:var(--wp--preset--spacing--60);padding-right:var(--wp--preset--spacing--30);padding-bottom:var(--wp--preset--spacing--60);padding-left:var(--wp--preset--spacing--30)\">\n<h2 class=\"wp-block-heading has-text-align-center has-large-font-size\">\u00d6ffnungszeiten<\/h2>\n\n\n\n<div class=\"wp-block-group has-global-padding is-layout-constrained wp-block-group-is-layout-constrained\" style=\"margin-bottom:var(--wp--preset--spacing--40)\">\n<p class=\"has-text-align-left\" style=\"margin-top:1rem\">Montags \u2013 Freitags: 09:00 \u2013 18:00<\/p>\n\n\n\n<p class=\"has-text-align-left\" style=\"margin-top:1rem\">Samstags: Nach Vereinbarung<\/p>\n\n\n\n<p class=\"has-text-align-left\" style=\"margin-top:1rem\">Sonntags: Geschlossen<\/p>\n<\/div>\n<\/div>\n\n\n\n<div class=\"wp-block-group alignfull has-background-background-color has-background has-global-padding is-layout-constrained wp-container-core-group-is-layout-7276a2bb wp-block-group-is-layout-constrained\" id=\"kontakt\" style=\"margin-top:0;margin-bottom:0;padding-top:var(--wp--preset--spacing--60);padding-right:var(--wp--preset--spacing--30);padding-bottom:var(--wp--preset--spacing--60);padding-left:var(--wp--preset--spacing--30)\">\n<h2 class=\"wp-block-heading has-text-align-center has-large-font-size\">Kontaktdaten<\/h2>\n\n\n\n<div class=\"wp-block-group has-global-padding is-layout-constrained wp-block-group-is-layout-constrained\" style=\"margin-bottom:var(--wp--preset--spacing--40)\">\n<p class=\"has-text-align-left\" style=\"margin-top:1rem\">Tatjanas Haarstudio &nbsp; &nbsp; &nbsp; &nbsp; &nbsp; &nbsp; &nbsp; &nbsp; &nbsp; &nbsp; &nbsp; &nbsp; &nbsp; &nbsp; &nbsp; &nbsp; &nbsp; &nbsp; &nbsp; &nbsp; &nbsp; &nbsp; &nbsp; &nbsp; &nbsp; &nbsp; &nbsp; &nbsp; &nbsp; &nbsp; &nbsp; &nbsp; &nbsp; &nbsp; &nbsp; &nbsp; &nbsp; &nbsp; &nbsp; &nbsp;&nbsp;<br>Petrusstra\u00dfe 18<br>54292 Trier&nbsp;<br><\/p>\n\n\n\n<p class=\"has-text-align-left\" style=\"margin-top:1rem\">Telefon: <a href=\"tel:+4917696887698\" title=\"+49 176 9688 7698\">+49 176 9688 7698<\/a><\/p>\n<\/div>\n<\/div>\n\n\n\n<p><\/p>\n","protected":false},"excerpt":{"rendered":"<p>Buche jetzt einen Termin bei mir! Bitte beachte, dass Terminvereinbarungen mit mir ausschlie\u00dflich telefonisch m\u00f6glich sind. Vereinbare jetzt einen Termin und lasse dich von mir verw\u00f6hnen. Ich stehe f\u00fcr einzigartige Frisurkonzepte und individuelle Haarl\u00f6sungen f\u00fcr jeden Gast. Buche dir jetzt einen Termin und erlebe, wie wir deinen Haaren die Liebe zukommen lassen, die sie verdienen! [&hellip;]<\/p>\n","protected":false},"author":1,"featured_media":0,"parent":0,"menu_order":0,"comment_status":"closed","ping_status":"closed","template":"no-title","meta":{"footnotes":""},"class_list":["post-12","page","type-page","status-publish","hentry"],"aioseo_notices":[],"_links":{"self":[{"href":"https:\/\/tatjanas-haarstudio.de\/index.php?rest_route=\/wp\/v2\/pages\/12","targetHints":{"allow":["GET"]}}],"collection":[{"href":"https:\/\/tatjanas-haarstudio.de\/index.php?rest_route=\/wp\/v2\/pages"}],"about":[{"href":"https:\/\/tatjanas-haarstudio.de\/index.php?rest_route=\/wp\/v2\/types\/page"}],"author":[{"embeddable":true,"href":"https:\/\/tatjanas-haarstudio.de\/index.php?rest_route=\/wp\/v2\/users\/1"}],"replies":[{"embeddable":true,"href":"https:\/\/tatjanas-haarstudio.de\/index.php?rest_route=%2Fwp%2Fv2%2Fcomments&post=12"}],"version-history":[{"count":17,"href":"https:\/\/tatjanas-haarstudio.de\/index.php?rest_route=\/wp\/v2\/pages\/12\/revisions"}],"predecessor-version":[{"id":395,"href":"https:\/\/tatjanas-haarstudio.de\/index.php?rest_route=\/wp\/v2\/pages\/12\/revisions\/395"}],"wp:attachment":[{"href":"https:\/\/tatjanas-haarstudio.de\/index.php?rest_route=%2Fwp%2Fv2%2Fmedia&parent=12"}],"curies":[{"name":"wp","href":"https:\/\/api.w.org\/{rel}","templated":true}]}}